{"id":682,"date":"2022-11-28T15:59:46","date_gmt":"2022-11-28T14:59:46","guid":{"rendered":"https:\/\/advoschmid.ch\/?page_id=682"},"modified":"2023-07-25T20:33:11","modified_gmt":"2023-07-25T18:33:11","slug":"about-advoschmid","status":"publish","type":"page","link":"https:\/\/advoschmid.ch\/en\/about-advoschmid\/","title":{"rendered":"About advoschmid"},"content":{"rendered":"<p>[et_pb_section fb_built=&#8221;1&#8243; custom_padding_last_edited=&#8221;on|tablet&#8221; _builder_version=&#8221;4.19.4&#8243; _module_preset=&#8221;default&#8221; use_background_color_gradient=&#8221;on&#8221; background_color_gradient_stops=&#8221;rgba(22,37,66,0.09) 0%|rgba(22,37,66,0.32) 100%&#8221; background_color_gradient_overlays_image=&#8221;on&#8221; background_image=&#8221;https:\/\/advoschmid.ch\/wp-content\/uploads\/2022\/11\/advoschmid-lady-justice.jpeg&#8221; custom_margin=&#8221;0px||0px||false|false&#8221; custom_padding=&#8221;12vh|0px|12vh||true|false&#8221; custom_padding_tablet=&#8221;100px||100px||true|false&#8221; custom_padding_phone=&#8221;75px|0px|75px||true|false&#8221; animation_style=&#8221;fade&#8221; animation_duration=&#8221;750ms&#8221; animation_speed_curve=&#8221;ease&#8221; locked=&#8221;off&#8221; global_colors_info=&#8221;{}&#8221;][et_pb_row _builder_version=&#8221;4.17.6&#8243; _module_preset=&#8221;default&#8221; custom_margin=&#8221;0px||0px||false|false&#8221; custom_padding=&#8221;0px||0px||false|false&#8221; animation_style=&#8221;slide&#8221; animation_direction=&#8221;top&#8221; animation_delay=&#8221;400ms&#8221; animation_intensity_slide=&#8221;2%&#8221; animation_speed_curve=&#8221;ease&#8221; global_colors_info=&#8221;{}&#8221;][et_pb_column type=&#8221;4_4&#8243; _builder_version=&#8221;4.17.6&#8243; _module_preset=&#8221;default&#8221; global_colors_info=&#8221;{}&#8221;][et_pb_text _builder_version=&#8221;4.21.0&#8243; _module_preset=&#8221;default&#8221; header_4_font=&#8221;Kumbh Sans||||||||&#8221; header_4_text_align=&#8221;left&#8221; header_4_text_color=&#8221;#FFFFFF&#8221; header_4_font_size=&#8221;17px&#8221; custom_margin=&#8221;0px||10px|80px|false|false&#8221; custom_padding=&#8221;0px||0px||false|false&#8221; header_4_font_size_tablet=&#8221;17px&#8221; header_4_font_size_phone=&#8221;16px&#8221; header_4_font_size_last_edited=&#8221;on|phone&#8221; custom_css_before=&#8221;display: inline-block;||position:absolute;||top:7px;||left:-80px;|| content: %22%22;|| width: 50px;|| height: 3px;|| background-color: #fff;|| vertical-align: middle;|| margin-right: 30px;&#8221; custom_css_main_element=&#8221;display: inline-block;&#8221; global_colors_info=&#8221;{}&#8221;]<\/p>\n<h4>Get to know us<\/h4>\n<p>[\/et_pb_text][et_pb_text _builder_version=&#8221;4.21.0&#8243; _dynamic_attributes=&#8221;content&#8221; _module_preset=&#8221;default&#8221; header_font=&#8221;Domine|700|||||||&#8221; header_text_align=&#8221;left&#8221; header_text_color=&#8221;#FFFFFF&#8221; header_font_size=&#8221;100px&#8221; header_line_height=&#8221;1.2em&#8221; max_width_tablet=&#8221;465px&#8221; max_width_last_edited=&#8221;off|desktop&#8221; custom_margin=&#8221;0px||10px||false|false&#8221; custom_padding=&#8221;0px||0px||false|false&#8221; header_font_size_tablet=&#8221;65px&#8221; header_font_size_phone=&#8221;42px&#8221; header_font_size_last_edited=&#8221;on|tablet&#8221; global_colors_info=&#8221;{}&#8221;]@ET-DC@eyJkeW5hbWljIjp0cnVlLCJjb250ZW50IjoicG9zdF90aXRsZSIsInNldHRpbmdzIjp7ImJlZm9yZSI6IjxoMT4iLCJhZnRlciI6IjwvaDE+In19@[\/et_pb_text][\/et_pb_column][\/et_pb_row][\/et_pb_section][et_pb_section fb_built=&#8221;1&#8243; _builder_version=&#8221;4.19.4&#8243; _module_preset=&#8221;default&#8221; custom_margin=&#8221;0px||0px||false|false&#8221; custom_padding=&#8221;||||false|false&#8221; locked=&#8221;off&#8221; global_colors_info=&#8221;{}&#8221;][et_pb_row _builder_version=&#8221;4.19.4&#8243; _module_preset=&#8221;default&#8221; custom_margin=&#8221;0px||0px||true|false&#8221; custom_padding=&#8221;0px||0px||true|false&#8221; global_colors_info=&#8221;{}&#8221;][et_pb_column type=&#8221;4_4&#8243; _builder_version=&#8221;4.19.1&#8243; _module_preset=&#8221;default&#8221; global_colors_info=&#8221;{}&#8221;][et_pb_text _builder_version=&#8221;4.21.0&#8243; _module_preset=&#8221;default&#8221; text_font=&#8221;Kumbh Sans||||||||&#8221; text_text_color=&#8221;#666666&#8243; text_line_height=&#8221;1.8em&#8221; custom_margin=&#8221;0px||0px||true|false&#8221; custom_padding=&#8221;0px||0px||true|false&#8221; global_colors_info=&#8221;{}&#8221;]<\/p>\n<p>Our law firm in Solothurn was founded in the 19th century, and primarily focuses on business law and civil law for national and international clients. Our lean and autonomous structure ensures continuity in the personal relationship and independency in providing legal services. Our aim is to provide comprehensive and tailor-made solutions to our clients and to work with them to find pragmatic solutions.<\/p>\n<p>[\/et_pb_text][\/et_pb_column][\/et_pb_row][\/et_pb_section][et_pb_section fb_built=&#8221;1&#8243; custom_padding_last_edited=&#8221;on|tablet&#8221; disabled_on=&#8221;on|on|on&#8221; _builder_version=&#8221;4.19.4&#8243; _module_preset=&#8221;default&#8221; background_color=&#8221;#f3f4f5&#8243; background_enable_image=&#8221;off&#8221; background_size=&#8221;initial&#8221; background_position=&#8221;bottom_left&#8221; overflow-x=&#8221;hidden&#8221; overflow-y=&#8221;hidden&#8221; custom_margin=&#8221;0px||0px||false|false&#8221; custom_padding=&#8221;120px||130px||false|false&#8221; custom_padding_tablet=&#8221;110px||120px||false|false&#8221; custom_padding_phone=&#8221;80px||90px||false|false&#8221; background_last_edited=&#8221;on|tablet&#8221; background_enable_image_tablet=&#8221;off&#8221; disabled=&#8221;on&#8221; locked=&#8221;off&#8221; global_colors_info=&#8221;{}&#8221;][et_pb_row _builder_version=&#8221;4.17.6&#8243; _module_preset=&#8221;default&#8221; custom_margin=&#8221;0px||73px||false|false&#8221; custom_padding=&#8221;0px||0px||false|false&#8221; animation_style=&#8221;slide&#8221; animation_direction=&#8221;bottom&#8221; animation_duration=&#8221;850ms&#8221; animation_intensity_slide=&#8221;2%&#8221; animation_speed_curve=&#8221;ease&#8221; custom_css_main_element=&#8221;text-align:center;&#8221; global_colors_info=&#8221;{}&#8221;][et_pb_column type=&#8221;4_4&#8243; _builder_version=&#8221;4.17.6&#8243; _module_preset=&#8221;default&#8221; global_colors_info=&#8221;{}&#8221;][et_pb_text _builder_version=&#8221;4.19.4&#8243; _module_preset=&#8221;default&#8221; header_4_font=&#8221;Kumbh Sans|700|||||||&#8221; header_4_text_align=&#8221;left&#8221; header_4_text_color=&#8221;#6ca4d5&#8243; header_4_font_size=&#8221;20px&#8221; header_4_letter_spacing=&#8221;0.5px&#8221; custom_margin=&#8221;8px|80px|15px|80px|false|true&#8221; custom_padding=&#8221;0px||0px||false|false&#8221; header_4_font_size_tablet=&#8221;20px&#8221; header_4_font_size_phone=&#8221;16px&#8221; header_4_font_size_last_edited=&#8221;on|phone&#8221; custom_css_before=&#8221;display: inline-block;||position:absolute;||top:10px;||left:-80px;|| content: %22%22;|| width: 50px;|| height: 3px;|| background-color: #6ca4d5;|| vertical-align: middle;|| margin-right: 30px;||&#8221; custom_css_main_element=&#8221;display: inline-block;&#8221; custom_css_after=&#8221;display: inline-block;||position:absolute;||top:10px;||right:-110px;|| content: %22%22;|| width: 50px;|| height: 3px;|| background-color: #6ca4d5;|| vertical-align: middle;|| margin-right: 30px;||&#8221; global_colors_info=&#8221;{}&#8221;]<\/p>\n<h4>Erbrecht<\/h4>\n<p>[\/et_pb_text][et_pb_text _builder_version=&#8221;4.19.4&#8243; _module_preset=&#8221;default&#8221; header_2_font=&#8221;Domine|700|||||||&#8221; header_2_text_align=&#8221;center&#8221; header_2_text_color=&#8221;#162542&#8243; header_2_font_size=&#8221;43px&#8221; custom_margin=&#8221;0px||0px||false|false&#8221; custom_padding=&#8221;0px||0px||false|false&#8221; header_2_font_size_tablet=&#8221;43px&#8221; header_2_font_size_phone=&#8221;30px&#8221; header_2_font_size_last_edited=&#8221;on|phone&#8221; global_colors_info=&#8221;{}&#8221;]<\/p>\n<h2>Wir helfen bei<\/h2>\n<p>[\/et_pb_text][\/et_pb_column][\/et_pb_row][et_pb_row use_custom_gutter=&#8221;on&#8221; gutter_width=&#8221;2&#8243; make_equal=&#8221;on&#8221; _builder_version=&#8221;4.19.4&#8243; _module_preset=&#8221;default&#8221; custom_margin=&#8221;0px||0px||false|false&#8221; custom_padding=&#8221;0px||0px||false|false&#8221; locked=&#8221;off&#8221; global_colors_info=&#8221;{}&#8221;][et_pb_column type=&#8221;4_4&#8243; _builder_version=&#8221;4.17.6&#8243; _module_preset=&#8221;default&#8221; custom_css_main_element=&#8221;margin:auto;&#8221; global_colors_info=&#8221;{}&#8221;][et_pb_accordion open_toggle_text_color=&#8221;#162542&#8243; toggle_icon=&#8221;&#x37;||divi||400&#8243; icon_color=&#8221;#162542&#8243; _builder_version=&#8221;4.19.4&#8243; _module_preset=&#8221;default&#8221; toggle_text_color=&#8221;#162542&#8243; toggle_level=&#8221;h3&#8243; toggle_font=&#8221;Domine|700|||||||&#8221; border_color_all=&#8221;#dcdfe3&#8243; global_colors_info=&#8221;{}&#8221;][et_pb_accordion_item title=&#8221;Testament, Ehe- und Erbvertrag, Erbverzichtsvertrag&#8221; open=&#8221;on&#8221; _builder_version=&#8221;4.19.4&#8243; _module_preset=&#8221;default&#8221; global_colors_info=&#8221;{}&#8221;]Sie m\u00f6chten Ihren Nachlass zu Lebzeiten regeln, Verm\u00f6genswerte im Todesfall wunschgem\u00e4ss verteilen und Erbstreitigkeiten vermeiden? Dann ist die Errichtung einer Verf\u00fcgung von Todes wegen unabdingbar. Auch besteht die M\u00f6glichkeit, einen kombinierten Ehe- und Erbvertrag oder einen Erbverzichtsvertrag abzuschliessen. Wir beraten Sie gerne betreffend die vielf\u00e4ltigen M\u00f6glichkeiten.<br \/>\n[\/et_pb_accordion_item][et_pb_accordion_item title=&#8221;Vorsorgeauftrag&#8221; _builder_version=&#8221;4.19.4&#8243; _module_preset=&#8221;default&#8221; global_colors_info=&#8221;{}&#8221; open=&#8221;off&#8221;]Ein Vorsorgeauftrag legt fest, wer Sie f\u00fcr pers\u00f6nliche, finanzielle oder rechtliche Angelegenheiten vertreten soll, wenn Sie urteilsunf\u00e4hig werden sollten. Dabei sind gesetzliche Formvorschriften zu erf\u00fcllen. Werden diese nicht eingehalten, wird die Erwachsenenschutzbeh\u00f6rde (KESB) Massnahmen pr\u00fcfen. Sie wollen verhindern, dass sich die KESB in Ihre Angelegenheiten einmischt? Gerne beraten wir Sie und erstellen die erforderlichen Urkunden.<br \/>\n[\/et_pb_accordion_item][et_pb_accordion_item title=&#8221;Erbteilungsvertr\u00e4ge, Durchf\u00fchrung von Erbteilungen&#8221; _builder_version=&#8221;4.19.4&#8243; _module_preset=&#8221;default&#8221; global_colors_info=&#8221;{}&#8221; open=&#8221;off&#8221;]Nach einem Erbfall bleibt die Erbengemeinschaft bestehen, bis ein schriftlicher Erbteilungsvertrag abgeschlossen wurde oder ein rechtskr\u00e4ftiges Gerichtsurteil vorliegt. Ein kostenintensives Gerichtsverfahren gilt es m\u00f6glichst zu vermeiden. Gerne beraten wir Sie hinsichtlich der Durchf\u00fchrung der Erbteilung und erarbeiten den Erbteilungsvertrag.<br \/>\n[\/et_pb_accordion_item][et_pb_accordion_item title=&#8221;Prozessf\u00fchrung im Erbrecht&#8221; _builder_version=&#8221;4.19.4&#8243; _module_preset=&#8221;default&#8221; global_colors_info=&#8221;{}&#8221; open=&#8221;off&#8221;]Hat der Erblasser seine Verf\u00fcgungsbefugnis \u00fcberschritten und Ihren Pflichtteil verletzt? Haben andere Nachkommen bereits zu Lebzeiten Verm\u00f6genswerte vom Erblasser erhalten? Zweifeln Sie an der G\u00fcltigkeit eines Testaments? Wir unterst\u00fctzen Sie bei der Durchsetzung Ihrer Anspr\u00fcche auf dem Rechtsweg.<br \/>\n[\/et_pb_accordion_item][et_pb_accordion_item title=&#8221;Willensvollstreckung, Nachlassverwaltung&#8221; _builder_version=&#8221;4.19.4&#8243; _module_preset=&#8221;default&#8221; global_colors_info=&#8221;{}&#8221; open=&#8221;off&#8221;]Sofern der Erblasser dies zu Lebzeiten verf\u00fcgt hat, \u00fcbernimmt ein Willensvollstrecker die Nachlassabwicklung und -verwaltung. Insbesondere bei zerstrittenen Erben kann dadurch die Handlungsf\u00e4higkeit der Erbengemeinschaft sichergestellt werden. Herr Rechtsanwalt Roland Schmid ist ein erfahrener Fachexperte. Er stellt sich gerne als Willensvollstrecker Ihres zuk\u00fcnftigen Nachlasses zur Verf\u00fcgung.<br \/>\n[\/et_pb_accordion_item][et_pb_accordion_item title=&#8221;Gutachten im Erbrecht&#8221; _builder_version=&#8221;4.19.4&#8243; _module_preset=&#8221;default&#8221; global_colors_info=&#8221;{}&#8221; open=&#8221;off&#8221;]Sind Sie Teil einer zerstrittenen Erbengemeinschaft? Sind Sie und Ihre Miterben sich in einzelnen Punkten uneins oder unsicher \u00fcber die Rechtslage? Gerne erstellen wir neutrale Privatgutachten zu den strittigen Rechtsfragen. Oft kann dadurch eine aussergerichtliche Einigung erzielt und ein kostspieliger Gerichtsprozess vermieden werden.<br \/>\n[\/et_pb_accordion_item][\/et_pb_accordion][\/et_pb_column][\/et_pb_row][\/et_pb_section][et_pb_section fb_built=&#8221;1&#8243; custom_padding_last_edited=&#8221;on|phone&#8221; _builder_version=&#8221;4.17.6&#8243; _module_preset=&#8221;default&#8221; background_color=&#8221;#162542&#8243; background_image=&#8221;https:\/\/advoschmid.ch\/wp-content\/uploads\/2022\/11\/lawyer-19-Screenshot41-12.png&#8221; background_size=&#8221;initial&#8221; custom_margin=&#8221;0px||0px||false|false&#8221; custom_padding=&#8221;120px||120px||false|false&#8221; custom_padding_tablet=&#8221;110px||110px||false|false&#8221; custom_padding_phone=&#8221;80px||80px||false|false&#8221; global_colors_info=&#8221;{}&#8221; global_module=&#8221;771&#8243; theme_builder_area=&#8221;post_content&#8221;][et_pb_row _builder_version=&#8221;4.17.6&#8243; _module_preset=&#8221;default&#8221; custom_margin=&#8221;0px||0px||false|false&#8221; custom_padding=&#8221;0px||0px||false|false&#8221; animation_style=&#8221;slide&#8221; animation_direction=&#8221;bottom&#8221; animation_duration=&#8221;850ms&#8221; animation_intensity_slide=&#8221;2%&#8221; animation_speed_curve=&#8221;ease&#8221; custom_css_main_element=&#8221;text-align:center;&#8221; global_colors_info=&#8221;{}&#8221; theme_builder_area=&#8221;post_content&#8221;][et_pb_column type=&#8221;4_4&#8243; _builder_version=&#8221;4.17.6&#8243; _module_preset=&#8221;default&#8221; global_colors_info=&#8221;{}&#8221; theme_builder_area=&#8221;post_content&#8221;][et_pb_text _builder_version=&#8221;4.21.0&#8243; _module_preset=&#8221;default&#8221; header_4_font=&#8221;Kumbh Sans|700|||||||&#8221; header_4_text_align=&#8221;left&#8221; header_4_text_color=&#8221;#6ca4d5&#8243; header_4_font_size=&#8221;20px&#8221; header_4_letter_spacing=&#8221;0.5px&#8221; custom_margin=&#8221;8px|80px|15px|80px|false|true&#8221; custom_padding=&#8221;0px||0px||false|false&#8221; header_4_font_size_tablet=&#8221;20px&#8221; header_4_font_size_phone=&#8221;16px&#8221; header_4_font_size_last_edited=&#8221;on|phone&#8221; custom_css_before=&#8221;display: inline-block;||position:absolute;||top:10px;||left:-80px;|| content: %22%22;|| width: 50px;|| height: 3px;|| background-color: #6ca4d5;|| vertical-align: middle;|| margin-right: 30px;||&#8221; custom_css_main_element=&#8221;display: inline-block;&#8221; custom_css_after=&#8221;display: inline-block;||position:absolute;||top:10px;||right:-110px;|| content: %22%22;|| width: 50px;|| height: 3px;|| background-color: #6ca4d5;|| vertical-align: middle;|| margin-right: 30px;||&#8221; global_colors_info=&#8221;{}&#8221; theme_builder_area=&#8221;post_content&#8221;]<\/p>\n<h4>Questions?<\/h4>\n<p>[\/et_pb_text][et_pb_text _builder_version=&#8221;4.21.0&#8243; _module_preset=&#8221;default&#8221; header_2_font=&#8221;Domine|700|||||||&#8221; header_2_text_align=&#8221;center&#8221; header_2_text_color=&#8221;#FFFFFF&#8221; header_2_font_size=&#8221;43px&#8221; header_2_line_height=&#8221;1.2em&#8221; custom_margin=&#8221;0px||45px||false|false&#8221; custom_padding=&#8221;0px||0px||false|false&#8221; header_2_font_size_tablet=&#8221;43px&#8221; header_2_font_size_phone=&#8221;30px&#8221; header_2_font_size_last_edited=&#8221;on|phone&#8221; global_colors_info=&#8221;{}&#8221; theme_builder_area=&#8221;post_content&#8221;]<\/p>\n<h2>Contact us for a consultation<\/h2>\n<p>[\/et_pb_text][et_pb_button button_url=&#8221;@ET-DC@eyJkeW5hbWljIjp0cnVlLCJjb250ZW50IjoicG9zdF9saW5rX3VybF9wYWdlIiwic2V0dGluZ3MiOnsicG9zdF9pZCI6IjE2In19@&#8221; button_text=&#8221;Contact&#8221; _builder_version=&#8221;4.21.0&#8243; _dynamic_attributes=&#8221;button_url&#8221; _module_preset=&#8221;default&#8221; button_text_color=&#8221;#FFFFFF&#8221; button_bg_color=&#8221;#6ca4d5&#8243; button_border_color=&#8221;RGBA(255,255,255,0)&#8221; button_border_radius=&#8221;0px&#8221; button_letter_spacing=&#8221;0.5px&#8221; button_font=&#8221;Kumbh Sans|700|||||||&#8221; button_use_icon=&#8221;off&#8221; custom_margin=&#8221;0px||0px||false|false&#8221; custom_padding=&#8221;16px|45px|16px|45px|false|false&#8221; global_colors_info=&#8221;{}&#8221; button_bg_color__hover=&#8221;#162542&#8243; button_bg_color__hover_enabled=&#8221;on|hover&#8221; theme_builder_area=&#8221;post_content&#8221;][\/et_pb_button][et_pb_code admin_label=&#8221;\u0130nline-email-optin-style&#8221; _builder_version=&#8221;4.17.6&#8243; _module_preset=&#8221;default&#8221; custom_margin=&#8221;0px||0px||false|false&#8221; custom_padding=&#8221;0px||0px||false|false&#8221; global_colors_info=&#8221;{}&#8221; theme_builder_area=&#8221;post_content&#8221;]<\/p>\n<style><!-- [et_pb_line_break_holder] --><!-- [et_pb_line_break_holder] -->@media (min-width: 10px) {<!-- [et_pb_line_break_holder] -->\t\/*set the width of the button*\/<!-- [et_pb_line_break_holder] -->\t.et_pb_newsletter_fields .et_pb_newsletter_button_wrap {<!-- [et_pb_line_break_holder] -->\t\tflex-basis: 240px !important;<!-- [et_pb_line_break_holder] -->\t}<!-- [et_pb_line_break_holder] -->  <!-- [et_pb_line_break_holder] -->}<!-- [et_pb_line_break_holder] -->  <!-- [et_pb_line_break_holder] -->  @media (max-width: 600px) {<!-- [et_pb_line_break_holder] -->    .et_pb_signup_0 {<!-- [et_pb_line_break_holder] -->    width: 100%;<!-- [et_pb_line_break_holder] -->    }<!-- [et_pb_line_break_holder] -->  }<!-- [et_pb_line_break_holder] -->  <!-- [et_pb_line_break_holder] --><!-- [et_pb_line_break_holder] --><!-- [et_pb_line_break_holder] -->\t\/*set the width of the input field minus the width of the button*\/<!-- [et_pb_line_break_holder] -->\t.et_pb_newsletter_form .et_pb_newsletter_field {<!-- [et_pb_line_break_holder] -->\t\tflex-basis: calc(100% - 260px) !important;<!-- [et_pb_line_break_holder] -->\t}<!-- [et_pb_line_break_holder] --><!-- [et_pb_line_break_holder] -->  <!-- [et_pb_line_break_holder] -->    @media (max-width: 600px) {<!-- [et_pb_line_break_holder] -->\t.et_pb_newsletter_form .et_pb_newsletter_field {<!-- [et_pb_line_break_holder] -->\t\tflex-basis: calc(100% - 170px) !important;<!-- [et_pb_line_break_holder] -->    }<!-- [et_pb_line_break_holder] -->      .et_pb_newsletter_fields .et_pb_newsletter_button_wrap {<!-- [et_pb_line_break_holder] -->\t\tflex-basis: 150px !important;<!-- [et_pb_line_break_holder] -->\t}<!-- [et_pb_line_break_holder] -->      <!-- [et_pb_line_break_holder] -->      <!-- [et_pb_line_break_holder] -->      <!-- [et_pb_line_break_holder] -->  }<!-- [et_pb_line_break_holder] --><!-- [et_pb_line_break_holder] -->  <!-- [et_pb_line_break_holder] --><!-- [et_pb_line_break_holder] --><\/style>\n<p><!-- [et_pb_line_break_holder] -->[\/et_pb_code][\/et_pb_column][\/et_pb_row][\/et_pb_section]<\/p>\n","protected":false},"excerpt":{"rendered":"<p>Get to know usOur law firm in Solothurn was founded in the 19th century, and primarily focuses on business law and civil law for national and international clients. Our lean and autonomous structure ensures continuity in the personal relationship and independency in providing legal services. Our aim is to provide comprehensive and tailor-made solutions to [&hellip;]<\/p>\n","protected":false},"author":1,"featured_media":0,"parent":0,"menu_order":0,"comment_status":"closed","ping_status":"closed","template":"","meta":{"_et_pb_use_builder":"on","_et_pb_old_content":"","_et_gb_content_width":"","footnotes":""},"dipi_cpt_category":[],"class_list":["post-682","page","type-page","status-publish","hentry"],"yoast_head":"<!-- This site is optimized with the Yoast SEO plugin v27.3 - https:\/\/yoast.com\/product\/yoast-seo-wordpress\/ -->\n<title>About advoschmid - advoschmid | Roland Schmid | Rechtsanwalt<\/title>\n<meta name=\"robots\" content=\"index, follow, max-snippet:-1, max-image-preview:large, max-video-preview:-1\" \/>\n<link rel=\"canonical\" href=\"https:\/\/advoschmid.ch\/en\/about-advoschmid\/\" \/>\n<meta property=\"og:locale\" content=\"en_US\" \/>\n<meta property=\"og:type\" content=\"article\" \/>\n<meta property=\"og:title\" content=\"About advoschmid - advoschmid | Roland Schmid | Rechtsanwalt\" \/>\n<meta property=\"og:description\" content=\"Get to know usOur law firm in Solothurn was founded in the 19th century, and primarily focuses on business law and civil law for national and international clients. Our lean and autonomous structure ensures continuity in the personal relationship and independency in providing legal services. Our aim is to provide comprehensive and tailor-made solutions to [&hellip;]\" \/>\n<meta property=\"og:url\" content=\"https:\/\/advoschmid.ch\/en\/about-advoschmid\/\" \/>\n<meta property=\"og:site_name\" content=\"advoschmid | Roland Schmid | Rechtsanwalt\" \/>\n<meta property=\"article:modified_time\" content=\"2023-07-25T18:33:11+00:00\" \/>\n<meta name=\"twitter:card\" content=\"summary_large_image\" \/>\n<meta name=\"twitter:label1\" content=\"Est. reading time\" \/>\n\t<meta name=\"twitter:data1\" content=\"5 minutes\" \/>\n<script type=\"application\/ld+json\" class=\"yoast-schema-graph\">{\"@context\":\"https:\\\/\\\/schema.org\",\"@graph\":[{\"@type\":\"WebPage\",\"@id\":\"https:\\\/\\\/advoschmid.ch\\\/en\\\/about-advoschmid\\\/\",\"url\":\"https:\\\/\\\/advoschmid.ch\\\/en\\\/about-advoschmid\\\/\",\"name\":\"About advoschmid - advoschmid | Roland Schmid | Rechtsanwalt\",\"isPartOf\":{\"@id\":\"https:\\\/\\\/advoschmid.ch\\\/en\\\/#website\"},\"datePublished\":\"2022-11-28T14:59:46+00:00\",\"dateModified\":\"2023-07-25T18:33:11+00:00\",\"breadcrumb\":{\"@id\":\"https:\\\/\\\/advoschmid.ch\\\/en\\\/about-advoschmid\\\/#breadcrumb\"},\"inLanguage\":\"en-US\",\"potentialAction\":[{\"@type\":\"ReadAction\",\"target\":[\"https:\\\/\\\/advoschmid.ch\\\/en\\\/about-advoschmid\\\/\"]}]},{\"@type\":\"BreadcrumbList\",\"@id\":\"https:\\\/\\\/advoschmid.ch\\\/en\\\/about-advoschmid\\\/#breadcrumb\",\"itemListElement\":[{\"@type\":\"ListItem\",\"position\":1,\"name\":\"Startseite\",\"item\":\"https:\\\/\\\/advoschmid.ch\\\/en\\\/\"},{\"@type\":\"ListItem\",\"position\":2,\"name\":\"About advoschmid\"}]},{\"@type\":\"WebSite\",\"@id\":\"https:\\\/\\\/advoschmid.ch\\\/en\\\/#website\",\"url\":\"https:\\\/\\\/advoschmid.ch\\\/en\\\/\",\"name\":\"advoschmid | Roland Schmid | Rechtsanwalt\",\"description\":\"advokatur | notariat | verwaltung\",\"potentialAction\":[{\"@type\":\"SearchAction\",\"target\":{\"@type\":\"EntryPoint\",\"urlTemplate\":\"https:\\\/\\\/advoschmid.ch\\\/en\\\/?s={search_term_string}\"},\"query-input\":{\"@type\":\"PropertyValueSpecification\",\"valueRequired\":true,\"valueName\":\"search_term_string\"}}],\"inLanguage\":\"en-US\"}]}<\/script>\n<!-- \/ Yoast SEO plugin. -->","yoast_head_json":{"title":"About advoschmid - advoschmid | Roland Schmid | Rechtsanwalt","robots":{"index":"index","follow":"follow","max-snippet":"max-snippet:-1","max-image-preview":"max-image-preview:large","max-video-preview":"max-video-preview:-1"},"canonical":"https:\/\/advoschmid.ch\/en\/about-advoschmid\/","og_locale":"en_US","og_type":"article","og_title":"About advoschmid - advoschmid | Roland Schmid | Rechtsanwalt","og_description":"Get to know usOur law firm in Solothurn was founded in the 19th century, and primarily focuses on business law and civil law for national and international clients. Our lean and autonomous structure ensures continuity in the personal relationship and independency in providing legal services. Our aim is to provide comprehensive and tailor-made solutions to [&hellip;]","og_url":"https:\/\/advoschmid.ch\/en\/about-advoschmid\/","og_site_name":"advoschmid | Roland Schmid | Rechtsanwalt","article_modified_time":"2023-07-25T18:33:11+00:00","twitter_card":"summary_large_image","twitter_misc":{"Est. reading time":"5 minutes"},"schema":{"@context":"https:\/\/schema.org","@graph":[{"@type":"WebPage","@id":"https:\/\/advoschmid.ch\/en\/about-advoschmid\/","url":"https:\/\/advoschmid.ch\/en\/about-advoschmid\/","name":"About advoschmid - advoschmid | Roland Schmid | Rechtsanwalt","isPartOf":{"@id":"https:\/\/advoschmid.ch\/en\/#website"},"datePublished":"2022-11-28T14:59:46+00:00","dateModified":"2023-07-25T18:33:11+00:00","breadcrumb":{"@id":"https:\/\/advoschmid.ch\/en\/about-advoschmid\/#breadcrumb"},"inLanguage":"en-US","potentialAction":[{"@type":"ReadAction","target":["https:\/\/advoschmid.ch\/en\/about-advoschmid\/"]}]},{"@type":"BreadcrumbList","@id":"https:\/\/advoschmid.ch\/en\/about-advoschmid\/#breadcrumb","itemListElement":[{"@type":"ListItem","position":1,"name":"Startseite","item":"https:\/\/advoschmid.ch\/en\/"},{"@type":"ListItem","position":2,"name":"About advoschmid"}]},{"@type":"WebSite","@id":"https:\/\/advoschmid.ch\/en\/#website","url":"https:\/\/advoschmid.ch\/en\/","name":"advoschmid | Roland Schmid | Rechtsanwalt","description":"advokatur | notariat | verwaltung","potentialAction":[{"@type":"SearchAction","target":{"@type":"EntryPoint","urlTemplate":"https:\/\/advoschmid.ch\/en\/?s={search_term_string}"},"query-input":{"@type":"PropertyValueSpecification","valueRequired":true,"valueName":"search_term_string"}}],"inLanguage":"en-US"}]}},"_links":{"self":[{"href":"https:\/\/advoschmid.ch\/en\/wp-json\/wp\/v2\/pages\/682","targetHints":{"allow":["GET"]}}],"collection":[{"href":"https:\/\/advoschmid.ch\/en\/wp-json\/wp\/v2\/pages"}],"about":[{"href":"https:\/\/advoschmid.ch\/en\/wp-json\/wp\/v2\/types\/page"}],"author":[{"embeddable":true,"href":"https:\/\/advoschmid.ch\/en\/wp-json\/wp\/v2\/users\/1"}],"replies":[{"embeddable":true,"href":"https:\/\/advoschmid.ch\/en\/wp-json\/wp\/v2\/comments?post=682"}],"version-history":[{"count":4,"href":"https:\/\/advoschmid.ch\/en\/wp-json\/wp\/v2\/pages\/682\/revisions"}],"predecessor-version":[{"id":800,"href":"https:\/\/advoschmid.ch\/en\/wp-json\/wp\/v2\/pages\/682\/revisions\/800"}],"wp:attachment":[{"href":"https:\/\/advoschmid.ch\/en\/wp-json\/wp\/v2\/media?parent=682"}],"wp:term":[{"taxonomy":"dipi_cpt_category","embeddable":true,"href":"https:\/\/advoschmid.ch\/en\/wp-json\/wp\/v2\/dipi_cpt_category?post=682"}],"curies":[{"name":"wp","href":"https:\/\/api.w.org\/{rel}","templated":true}]}}